{"id":25,"date":"2022-02-01T15:25:54","date_gmt":"2022-02-01T15:25:54","guid":{"rendered":"https:\/\/betty.visuelle.design\/?page_id=25"},"modified":"2025-03-13T15:45:04","modified_gmt":"2025-03-13T15:45:04","slug":"bettina-nowak","status":"publish","type":"page","link":"https:\/\/malemitliebe.de\/malemitliebe.de\/","title":{"rendered":"Bettina Nowak"},"content":{"rendered":"<p>[et_pb_section fb_built=&#8220;1&#8243; fullwidth=&#8220;on&#8220; disabled_on=&#8220;off|off|off&#8220; admin_label=&#8220;Hero&#8220; module_id=&#8220;Bettina Nowak&#8220; _builder_version=&#8220;4.19.5&#8243; background_color=&#8220;#FFFFFF&#8220; parallax=&#8220;on&#8220; custom_margin=&#8220;||22px|||&#8220; custom_padding=&#8220;|||&#8220; transparent_background=&#8220;on&#8220; global_colors_info=&#8220;{}&#8220;][et_pb_fullwidth_header title=&#8220;BETTINA NOWAK&#8220; subhead=&#8220;Freie Kunst&#8220; text_orientation=&#8220;center&#8220; header_fullscreen=&#8220;on&#8220; header_scroll_down=&#8220;on&#8220; scroll_down_icon=&#8220;%%4%%&#8220; scroll_down_icon_color=&#8220;#ffffff&#8220; scroll_down_icon_size=&#8220;32px&#8220; background_overlay_color=&#8220;RGBA(0,0,0,0)&#8220; subhead_font_color=&#8220;#bebebe&#8220; title_tablet=&#8220;BETTINA NOWAK&#8220; title_phone=&#8220;BETTINA NOWAK&#8220; title_last_edited=&#8220;on|phone&#8220; _builder_version=&#8220;4.21.0&#8243; title_font=&#8220;Fredericka the Great|700|||||||&#8220; title_text_align=&#8220;center&#8220; title_text_color=&#8220;#FFFFFF&#8220; title_font_size=&#8220;40px&#8220; title_letter_spacing=&#8220;6px&#8220; title_line_height=&#8220;1.5em&#8220; content_font=&#8220;Open Sans||||||||&#8220; content_text_color=&#8220;#000000&#8243; content_font_size=&#8220;19px&#8220; content_line_height=&#8220;1.8em&#8220; subhead_font=&#8220;Fredericka the Great|700||on|||||&#8220; subhead_text_color=&#8220;#00c3ff&#8220; subhead_font_size=&#8220;34px&#8220; subhead_line_height=&#8220;1.5em&#8220; background_color=&#8220;rgba(255, 255, 255, 0)&#8220; background_image=&#8220;https:\/\/malemitliebe.de\/malemitliebe.de\/wp-content\/uploads\/2022\/02\/Betty-2000x800px.jpg&#8220; custom_button_one=&#8220;on&#8220; button_one_text_size=&#8220;26px&#8220; button_one_text_color=&#8220;#e24400&#8243; button_one_bg_color=&#8220;#FFFFFF&#8220; button_one_border_width=&#8220;1px&#8220; button_one_border_color=&#8220;#000000&#8243; button_one_border_radius=&#8220;10px&#8220; button_one_letter_spacing=&#8220;0px&#8220; button_one_font=&#8220;Open Sans|700|||||||&#8220; button_one_use_icon=&#8220;off&#8220; custom_button_two=&#8220;on&#8220; button_two_text_size=&#8220;15px&#8220; button_two_text_color=&#8220;#ffffff&#8220; button_two_bg_color=&#8220;#c39d63&#8243; button_two_border_width=&#8220;2px&#8220; button_two_border_color=&#8220;#c39d63&#8243; button_two_border_radius=&#8220;0px&#8220; button_two_letter_spacing=&#8220;1px&#8220; button_two_font=&#8220;Montserrat|||on|&#8220; button_two_use_icon=&#8220;off&#8220; background_layout=&#8220;light&#8220; min_height=&#8220;1467.5px&#8220; custom_margin=&#8220;||14px|||&#8220; animation_style=&#8220;zoom&#8220; animation_duration=&#8220;1500ms&#8220; animation_intensity_zoom=&#8220;4%&#8220; title_font_tablet=&#8220;Fredericka the Great|700|||||||&#8220; title_font_phone=&#8220;Fredericka the Great|700|||||||&#8220; title_font_last_edited=&#8220;on|phone&#8220; title_line_height_last_edited=&#8220;off|desktop&#8220; custom_css_title=&#8220;font-size:40px!important&#8220; custom_css_subtitle=&#8220;font-size:34px!important&#8220; title_text_shadow_style=&#8220;preset4&#8243; title_text_shadow_horizontal_length=&#8220;-0.03em&#8220; title_text_shadow_vertical_length=&#8220;0.03em&#8220; subhead_text_shadow_style=&#8220;preset4&#8243; subhead_text_shadow_horizontal_length=&#8220;-0.03em&#8220; subhead_text_shadow_vertical_length=&#8220;-0.03em&#8220; button_one_border_radius_hover=&#8220;0px&#8220; button_one_letter_spacing_hover=&#8220;1px&#8220; button_two_letter_spacing_hover=&#8220;1px&#8220; global_colors_info=&#8220;{}&#8220; button_one_text_size__hover_enabled=&#8220;off&#8220; button_two_text_size__hover_enabled=&#8220;off&#8220; button_one_text_color__hover_enabled=&#8220;off&#8220; button_two_text_color__hover_enabled=&#8220;off&#8220; button_one_border_width__hover_enabled=&#8220;off&#8220; button_two_border_width__hover_enabled=&#8220;off&#8220; button_one_border_color__hover_enabled=&#8220;off&#8220; button_two_border_color__hover_enabled=&#8220;off&#8220; button_one_border_radius__hover_enabled=&#8220;on&#8220; button_one_border_radius__hover=&#8220;0px&#8220; button_two_border_radius__hover_enabled=&#8220;off&#8220; button_one_letter_spacing__hover_enabled=&#8220;on&#8220; button_one_letter_spacing__hover=&#8220;1px&#8220; button_two_letter_spacing__hover_enabled=&#8220;on&#8220; button_two_letter_spacing__hover=&#8220;1px&#8220; button_one_bg_color__hover_enabled=&#8220;off&#8220; button_two_bg_color__hover_enabled=&#8220;off&#8220; custom_css_main_element_last_edited=&#8220;on|phone&#8220;][\/et_pb_fullwidth_header][\/et_pb_section][et_pb_section fb_built=&#8220;1&#8243; _builder_version=&#8220;4.19.5&#8243; _module_preset=&#8220;default&#8220; custom_margin=&#8220;-20px|||||&#8220; custom_padding=&#8220;41px|||||&#8220; global_colors_info=&#8220;{}&#8220;][et_pb_row column_structure=&#8220;1_2,1_2&#8243; _builder_version=&#8220;4.19.5&#8243; _module_preset=&#8220;default&#8220; custom_margin=&#8220;-11px|auto||auto||&#8220; custom_padding=&#8220;||0px|||&#8220; global_colors_info=&#8220;{}&#8220;][et_pb_column type=&#8220;1_2&#8243; _builder_version=&#8220;4.19.5&#8243; _module_preset=&#8220;default&#8220; global_colors_info=&#8220;{}&#8220;][et_pb_text _builder_version=&#8220;4.21.0&#8243; _module_preset=&#8220;default&#8220; custom_margin=&#8220;-21px|||||&#8220; global_colors_info=&#8220;{}&#8220;]<\/p>\n<p><strong>Malen bedeutet f\u00fcr mich, Feuer und Leidenschaft ausleben und gleichzeitig tiefe Entspannung und Stille in der Seele zu finden.<\/strong><\/p>\n<p>Als freischaffende K\u00fcnstlerin biete ich deshalb seit 2014 inspirierende Kurse f\u00fcr Kinder, Jugendliche und Erwachsene zur kreativen Entfaltung und F\u00f6rderung an.<\/p>\n<p>Zu meinem Repertoire z\u00e4hlen T\u00e4tigkeiten als Kunst-Dozentin in der OGS, in Seniorenheimen, Familienzentren und der VHS Olfen sowie Haltern und D\u00fclmen. Die Leitung besonderer Kunstprojekte in Kitas und Grundschulen erf\u00fcllt mich mit gro\u00dfer Freude.<\/p>\n<p>Ebenso wie verschiedene ehrenamtliche T\u00e4tigkeiten als Kunst-Dozentin, z.B. im Rahmen einer Schmerztherapie oder f\u00fcr caritative Organisationen.<\/p>\n<p>[\/et_pb_text][\/et_pb_column][et_pb_column type=&#8220;1_2&#8243; _builder_version=&#8220;4.19.5&#8243; _module_preset=&#8220;default&#8220; global_colors_info=&#8220;{}&#8220;][et_pb_text _builder_version=&#8220;4.20.2&#8243; _module_preset=&#8220;default&#8220; custom_margin=&#8220;-21px|||||&#8220; global_colors_info=&#8220;{}&#8220;]<\/p>\n<p>Im K\u00fcnstlerhof Lavesum habe ich im Dezember 2015 einen Ort gefunden, um kreativ zu sein und mich mit anderen K\u00fcnstlern auszutauschen.<\/p>\n<p>Regelm\u00e4\u00dfige Workshops f\u00fcr Erwachsene, Kinder und Jugendliche sowie f\u00fcr die ganz Kleinen an diesem wundervollen Ort runden mein derzeitiges Angebot ab.<\/p>\n<p>Grunds\u00e4tzlich liebe ich besondere k\u00fcnstlerische Projekte und bin auch f\u00fcr Au\u00dfergew\u00f6hnliches offen!<\/p>\n<p>Ich w\u00fcrde mich freuen, wenn ich Dich\/Sie neugierig auf meine Kurse und Workshops gemacht habe und Dich\/Sie mit auf eine Reise des Entdeckens, Ersp\u00fcrens und Freude am Malen entf\u00fchren darf&#8230;?<\/p>\n<p>[\/et_pb_text][\/et_pb_column][\/et_pb_row][\/et_pb_section][et_pb_section fb_built=&#8220;1&#8243; fullwidth=&#8220;on&#8220; _builder_version=&#8220;4.21.0&#8243; _module_preset=&#8220;default&#8220; custom_padding=&#8220;||26px|||&#8220; top_divider_style=&#8220;wave2&#8243; top_divider_color=&#8220;#FFFFFF&#8220; top_divider_height=&#8220;81px&#8220; top_divider_flip=&#8220;horizontal&#8220; bottom_divider_style=&#8220;waves2&#8243; bottom_divider_color=&#8220;#FFFFFF&#8220; bottom_divider_height=&#8220;63px&#8220; global_module=&#8220;1313&#8243; saved_tabs=&#8220;all&#8220; global_colors_info=&#8220;{}&#8220;][et_pb_fullwidth_image src=&#8220;https:\/\/malemitliebe.de\/malemitliebe.de\/wp-content\/uploads\/2022\/02\/Betty-20211101-IMG_4032.jpg&#8220; title_text=&#8220;Betty-20211101-IMG_4032&#8243; _builder_version=&#8220;4.20.0&#8243; _module_preset=&#8220;default&#8220; custom_margin=&#8220;||-20px|||&#8220; custom_padding=&#8220;||0px|||&#8220; global_colors_info=&#8220;{}&#8220;][\/et_pb_fullwidth_image][\/et_pb_section][et_pb_section fb_built=&#8220;1&#8243; _builder_version=&#8220;4.21.0&#8243; _module_preset=&#8220;default&#8220; custom_margin=&#8220;25px|||||&#8220; custom_padding=&#8220;8px|||||&#8220; global_colors_info=&#8220;{}&#8220;][et_pb_row _builder_version=&#8220;4.22.1&#8243; _module_preset=&#8220;default&#8220; custom_margin=&#8220;-5px|auto||auto||&#8220; global_colors_info=&#8220;{}&#8220;][et_pb_column type=&#8220;4_4&#8243; _builder_version=&#8220;4.21.0&#8243; _module_preset=&#8220;default&#8220; global_colors_info=&#8220;{}&#8220;][et_pb_text _builder_version=&#8220;4.21.0&#8243; _module_preset=&#8220;default&#8220; custom_margin=&#8220;0px|||||&#8220; global_colors_info=&#8220;{}&#8220;]<\/p>\n<h5 style=\"text-align: center;\"><span style=\"color: #800080; font-size: xx-large;\">AKTUELLES<\/span><\/h5>\n<p>[\/et_pb_text][et_pb_text _builder_version=&#8220;4.27.4&#8243; _module_preset=&#8220;default&#8220; link_option_url_new_window=&#8220;on&#8220; hover_enabled=&#8220;0&#8243; global_colors_info=&#8220;{}&#8220; sticky_enabled=&#8220;0&#8243;]<\/p>\n<p style=\"text-align: center;\"><strong>\u00a0Hier findest du aktuelle Ereignisse oder Neuigkeiten, z.B. \u00fcber meine Teilnahme an Ausstellungen oder \u00fcber neue Angebote:<\/strong><\/p>\n<p style=\"text-align: center;\"><strong><\/strong><\/p>\n<p style=\"text-align: center;\"><strong>Neuer Workshop &#8222;Feelgood&#8220;<\/strong><\/p>\n<p style=\"text-align: center;\"><strong>Kreativit\u00e4t und gute Laune!<\/strong><\/p>\n<p style=\"text-align: center;\">Weitere Neuigkeiten findest Du immer auf meinem Instagram Account!<\/p>\n<p>[\/et_pb_text][et_pb_text _builder_version=&#8220;4.21.0&#8243; _module_preset=&#8220;default&#8220; link_option_url_new_window=&#8220;on&#8220; global_colors_info=&#8220;{}&#8220;]<\/p>\n<p style=\"text-align: center;\"><span>Hier findest du \u00a0meinen Instagram Account<br \/><a href=\"https:\/\/instagram.com\/malemitliebe?igshid=MzNlNGNkZWQ4Mg==\" target=\"_blank\" rel=\"noopener\">https:\/\/instagram.com\/malemitliebe?igshid=MzNlNGNkZWQ4Mg==<\/a><\/span><\/p>\n<p>[\/et_pb_text][\/et_pb_column][\/et_pb_row][\/et_pb_section]<\/p>\n","protected":false},"excerpt":{"rendered":"<p>Malen bedeutet f\u00fcr mich, Feuer und Leidenschaft ausleben und gleichzeitig tiefe Entspannung und Stille in der Seele zu finden. Als freischaffende K\u00fcnstlerin biete ich deshalb seit 2014 inspirierende Kurse f\u00fcr Kinder, Jugendliche und Erwachsene zur kreativen Entfaltung und F\u00f6rderung an. Zu meinem Repertoire z\u00e4hlen T\u00e4tigkeiten als Kunst-Dozentin in der OGS, in Seniorenheimen, Familienzentren und der [&hellip;]<\/p>\n","protected":false},"author":1,"featured_media":0,"parent":0,"menu_order":0,"comment_status":"closed","ping_status":"closed","template":"","meta":{"_et_pb_use_builder":"on","_et_pb_old_content":"","_et_gb_content_width":"","footnotes":""},"class_list":["post-25","page","type-page","status-publish","hentry"],"_links":{"self":[{"href":"https:\/\/malemitliebe.de\/malemitliebe.de\/wp-json\/wp\/v2\/pages\/25","targetHints":{"allow":["GET"]}}],"collection":[{"href":"https:\/\/malemitliebe.de\/malemitliebe.de\/wp-json\/wp\/v2\/pages"}],"about":[{"href":"https:\/\/malemitliebe.de\/malemitliebe.de\/wp-json\/wp\/v2\/types\/page"}],"author":[{"embeddable":true,"href":"https:\/\/malemitliebe.de\/malemitliebe.de\/wp-json\/wp\/v2\/users\/1"}],"replies":[{"embeddable":true,"href":"https:\/\/malemitliebe.de\/malemitliebe.de\/wp-json\/wp\/v2\/comments?post=25"}],"version-history":[{"count":294,"href":"https:\/\/malemitliebe.de\/malemitliebe.de\/wp-json\/wp\/v2\/pages\/25\/revisions"}],"predecessor-version":[{"id":2036,"href":"https:\/\/malemitliebe.de\/malemitliebe.de\/wp-json\/wp\/v2\/pages\/25\/revisions\/2036"}],"wp:attachment":[{"href":"https:\/\/malemitliebe.de\/malemitliebe.de\/wp-json\/wp\/v2\/media?parent=25"}],"curies":[{"name":"wp","href":"https:\/\/api.w.org\/{rel}","templated":true}]}}