{"id":36,"date":"2022-02-01T16:10:18","date_gmt":"2022-02-01T16:10:18","guid":{"rendered":"https:\/\/betty.visuelle.design\/?page_id=36"},"modified":"2023-07-14T13:55:39","modified_gmt":"2023-07-14T13:55:39","slug":"impressum","status":"publish","type":"page","link":"https:\/\/malemitliebe.de\/malemitliebe.de\/impressum\/","title":{"rendered":"Impressum"},"content":{"rendered":"<p>[et_pb_section fb_built=&#8220;1&#8243; fullwidth=&#8220;on&#8220; _builder_version=&#8220;4.21.0&#8243; _module_preset=&#8220;default&#8220; global_colors_info=&#8220;{}&#8220;][et_pb_fullwidth_image src=&#8220;https:\/\/malemitliebe.de\/malemitliebe.de\/wp-content\/uploads\/2023\/02\/miteinander-A.jpg&#8220; title_text=&#8220;miteinander-A&#8220; _builder_version=&#8220;4.21.0&#8243; _module_preset=&#8220;default&#8220; global_colors_info=&#8220;{}&#8220;][\/et_pb_fullwidth_image][\/et_pb_section][et_pb_section fb_built=&#8220;1&#8243; _builder_version=&#8220;4.21.0&#8243; _module_preset=&#8220;default&#8220; global_colors_info=&#8220;{}&#8220;][et_pb_row _builder_version=&#8220;4.21.0&#8243; _module_preset=&#8220;default&#8220; custom_margin=&#8220;14px|auto||auto||&#8220; global_colors_info=&#8220;{}&#8220;][et_pb_column type=&#8220;4_4&#8243; _builder_version=&#8220;4.21.0&#8243; _module_preset=&#8220;default&#8220; global_colors_info=&#8220;{}&#8220;][et_pb_text _builder_version=&#8220;4.21.0&#8243; _module_preset=&#8220;default&#8220; global_colors_info=&#8220;{}&#8220;]<\/p>\n<h3><span style=\"color: #ff6600;\"><strong>Impressum<\/strong><\/span><\/h3>\n<p><span><strong><\/strong><\/span><\/p>\n<p><span><strong><\/strong><\/span><\/p>\n<p><span>ANGABEN GEM\u00c4SS \u00a7 5 TM<\/span><\/p>\n<p><span><strong>Bettina Nowak<\/strong><\/span><\/p>\n<p><span>Balsters Feld 42, 5721 Haltern am See<\/span><br \/><span>Mobil: +49 (0)178.9810610 I E-Mail: <span id=\"cloakb7187e184a764eeb83dff6f429403477\"><a href=\"mailto:info@malemitliebe.de\">info@malemitliebe.de<\/a>\u00a0I <\/span><a href=\"https:\/\/www.malemitliebe.de\/\">malemitliebe.de<\/a><\/span><\/p>\n<p><span>St.-Nr.: 359\/5292\/6116, Finanzamt Marl<\/span><\/p>\n<p><span><\/span><\/p>\n<p><strong>STREITSCHLICHTUNG<\/strong><\/p>\n<p><span>Die Europ\u00e4ische Kommission stellt eine Plattform zur Online-Streitbeilegung (OS) bereit: https:\/\/ec.europa.eu\/consumers\/odr.<\/span><br \/><span>Meine E-Mail-Adresse finden Sie oben im Impressum. Ich bin nicht bereit oder verpflichtet, an Streitbeilegungsverfahren vor einer Verbraucherschlichtungsstelle teilzunehmen.<\/span><\/p>\n<p><span><\/span><\/p>\n<p><strong>HAFTUNG F\u00dcR INHALTE<\/strong><\/p>\n<p><span>Als Diensteanbieter bin ich gem\u00e4\u00df \u00a7 7 Abs.1 TMG f\u00fcr eigene Inhalte auf diesen Seiten nach den allgemeinen Gesetzen verantwortlich. Nach \u00a7\u00a7 8 bis 10 TMG bin ich als Diensteanbieter jedoch nicht verpflichtet, \u00fcbermittelte oder gespeicherte fremde Informationen zu \u00fcberwachen oder nach Umst\u00e4nden zu forschen, die auf eine rechtswidrige T\u00e4tigkeit hinweisen.<\/span><\/p>\n<p><span>Verpflichtungen zur Entfernung oder Sperrung der Nutzung von Informationen nach den allgemeinen Gesetzen bleiben hiervon unber\u00fchrt. Eine diesbez\u00fcgliche Haftung ist jedoch erst ab dem Zeitpunkt der Kenntnis einer konkreten Rechtsverletzung m\u00f6glich. Bei Bekanntwerden von entsprechenden Rechtsverletzungen werden wir diese Inhalte umgehend entfernen.<\/span><\/p>\n<p><span><\/span><\/p>\n<p><strong>HAFTUNG F\u00dcR LINKS<\/strong><\/p>\n<p><span>Mein Angebot enth\u00e4lt Links zu externen Websites Dritter, auf deren Inhalte wir keinen Einfluss haben. Deshalb kann ich f\u00fcr diese fremden Inhalte auch keine Gew\u00e4hr \u00fcbernehmen. F\u00fcr die Inhalte der verlinkten Seiten ist stets der jeweilige Anbieter oder Betreiber der Seiten verantwortlich. Die verlinkten Seiten wurden zum Zeitpunkt der Verlinkung auf m\u00f6gliche Rechtsverst\u00f6\u00dfe \u00fcberpr\u00fcft. Rechtswidrige Inhalte waren zum Zeitpunkt der Verlinkung nicht erkennbar.<\/span><\/p>\n<p><span>Eine permanente inhaltliche Kontrolle der verlinkten Seiten ist jedoch ohne konkrete Anhaltspunkte einer Rechtsverletzung nicht zumutbar. Bei Bekanntwerden von Rechtsverletzungen werde ich derartige Links umgehend entfernen.<\/span><\/p>\n<p><span><\/span><\/p>\n<p><strong>URHEBERRECHT<\/strong><\/p>\n<p><span>Die durch die Seitenbetreiberin erstellten Inhalte und Werke auf diesen Seiten unterliegen dem deutschen Urheberrecht. Die Vervielf\u00e4ltigung, Bearbeitung, Verbreitung und jede Art der Verwertung au\u00dferhalb der Grenzen des Urheberrechtes bed\u00fcrfen der schriftlichen Zustimmung des jeweiligen Autors bzw. Erstellers. Downloads und Kopien dieser Seite sind nur f\u00fcr den privaten, nicht kommerziellen Gebrauch gestattet.<\/span><\/p>\n<p><span>Soweit die Inhalte auf dieser Seite nicht vom Betreiber erstellt wurden, werden die Urheberrechte Dritter beachtet. Insbesondere werden Inhalte Dritter als solche gekennzeichnet. Sollten Sie trotzdem auf eine Urheberrechtsverletzung aufmerksam werden, bitten wir um einen entsprechenden Hinweis. Bei Bekanntwerden von Rechtsverletzungen werden wir derartige Inhalte umgehend entfernen.<\/span><\/p>\n<p><span><\/span><\/p>\n<p><strong>FOTOGRAFIE<\/strong><\/p>\n<p><span>Bettina Nowak, <a href=\"https:\/\/bwphotographie.com\" target=\"_blank\" rel=\"noopener\">Bianka Wachenfeld<\/a>, Adobe Stock<\/span><\/p>\n<p><span><\/span><\/p>\n<p><strong>GRAFIK- UND WEBDESIGN<\/strong><\/p>\n<p><span><strong><a href=\"https:\/\/visuelle.design\/\" target=\"_blank\" rel=\"noopener\">visuelle.design<\/a>\u00a0 I\u00a0<\/strong><span id=\"cloak741f550e57c73d679210f277c8fed6cc\"><a href=\"mailto:mail@visuelle.design.de\">mail@visuelle.design<\/a><\/span><\/span><\/p>\n<p><span><span><\/span><\/span><\/p>\n<p><span><span><\/span><\/span><\/p>\n<p>[\/et_pb_text][\/et_pb_column][\/et_pb_row][\/et_pb_section]<\/p>\n","protected":false},"excerpt":{"rendered":"<p>Impressum ANGABEN GEM\u00c4SS \u00a7 5 TM Bettina Nowak Balsters Feld 42, 5721 Haltern am SeeMobil: +49 (0)178.9810610 I E-Mail: info@malemitliebe.de\u00a0I malemitliebe.de St.-Nr.: 359\/5292\/6116, Finanzamt Marl STREITSCHLICHTUNG Die Europ\u00e4ische Kommission stellt eine Plattform zur Online-Streitbeilegung (OS) bereit: https:\/\/ec.europa.eu\/consumers\/odr.Meine E-Mail-Adresse finden Sie oben im Impressum. Ich bin nicht bereit oder verpflichtet, an Streitbeilegungsverfahren vor einer Verbraucherschlichtungsstelle teilzunehmen. [&hellip;]<\/p>\n","protected":false},"author":1,"featured_media":0,"parent":0,"menu_order":0,"comment_status":"closed","ping_status":"closed","template":"","meta":{"_et_pb_use_builder":"on","_et_pb_old_content":"","_et_gb_content_width":"","footnotes":""},"class_list":["post-36","page","type-page","status-publish","hentry"],"_links":{"self":[{"href":"https:\/\/malemitliebe.de\/malemitliebe.de\/wp-json\/wp\/v2\/pages\/36","targetHints":{"allow":["GET"]}}],"collection":[{"href":"https:\/\/malemitliebe.de\/malemitliebe.de\/wp-json\/wp\/v2\/pages"}],"about":[{"href":"https:\/\/malemitliebe.de\/malemitliebe.de\/wp-json\/wp\/v2\/types\/page"}],"author":[{"embeddable":true,"href":"https:\/\/malemitliebe.de\/malemitliebe.de\/wp-json\/wp\/v2\/users\/1"}],"replies":[{"embeddable":true,"href":"https:\/\/malemitliebe.de\/malemitliebe.de\/wp-json\/wp\/v2\/comments?post=36"}],"version-history":[{"count":16,"href":"https:\/\/malemitliebe.de\/malemitliebe.de\/wp-json\/wp\/v2\/pages\/36\/revisions"}],"predecessor-version":[{"id":1754,"href":"https:\/\/malemitliebe.de\/malemitliebe.de\/wp-json\/wp\/v2\/pages\/36\/revisions\/1754"}],"wp:attachment":[{"href":"https:\/\/malemitliebe.de\/malemitliebe.de\/wp-json\/wp\/v2\/media?parent=36"}],"curies":[{"name":"wp","href":"https:\/\/api.w.org\/{rel}","templated":true}]}}